{"id":915,"date":"2023-09-28T15:43:57","date_gmt":"2023-09-28T13:43:57","guid":{"rendered":"https:\/\/uil-art.de\/?page_id=915"},"modified":"2025-04-24T10:19:20","modified_gmt":"2025-04-24T08:19:20","slug":"vita-2","status":"publish","type":"page","link":"https:\/\/uil-art.de\/?page_id=915","title":{"rendered":"Vita"},"content":{"rendered":"<p>&nbsp;<\/p>\n<p><strong><img loading=\"lazy\" decoding=\"async\" class=\"alignnone size-medium wp-image-1220\" src=\"https:\/\/uil-art.de\/wp-content\/uploads\/2025\/01\/IMG_1877-2-245x300.jpg\" alt=\"\" width=\"245\" height=\"300\" srcset=\"https:\/\/uil-art.de\/wp-content\/uploads\/2025\/01\/IMG_1877-2-245x300.jpg 245w, https:\/\/uil-art.de\/wp-content\/uploads\/2025\/01\/IMG_1877-2-835x1024.jpg 835w, https:\/\/uil-art.de\/wp-content\/uploads\/2025\/01\/IMG_1877-2-768x942.jpg 768w, https:\/\/uil-art.de\/wp-content\/uploads\/2025\/01\/IMG_1877-2.jpg 1169w\" sizes=\"auto, (max-width: 245px) 100vw, 245px\" \/><\/strong><\/p>\n<p><strong>Ute Irmischer-Lehn<\/strong><\/p>\n<p>uteirmischerlehn@yahoo.de<span class=\"Apple-converted-space\">\u00a0<\/span><\/p>\n<p>&nbsp;<\/p>\n<p>2004 &#8211; 2013 Initiatorin und Gr\u00fcndungsmitglied der Gruppe Sagenhaft. Unter dem Motto \u201eSAGENHAFT KUNST IM GARTEN\u201c fand jedes Jahr eine Ausstellung in unserem Garten statt. In diesen Jahren gab es Wechselausstellungen mit den eingeladenen externen Ausstellern.<span class=\"Apple-converted-space\">\u00a0<\/span><\/p>\n<p>2012 &#8211; 2015 Teilnahme an der Kunstreise \u00fcber Kuss Darmstadt und damit verbundene Teilnahme an den Tagen des offenen Ateliers, offene Ateliertage<span class=\"Apple-converted-space\">\u00a0<\/span><\/p>\n<p>Seit 2013 Mitglied der Gruppe Farbakzente Darmstadt. Gemeinsame Ausstellungen (80x80gr\u00fcn\/80x80blau\/Farbrausch\/80x80grau\/Gestern und Heute)<\/p>\n<p>2013 &#8211; 2023 Mitglied der Ateliergemeinschaft Bildwechsel<span class=\"Apple-converted-space\">\u00a0<\/span><\/p>\n<p>Ausstellungen (Pfungstadt und im Atelier\/ Im Rahmen des Kultursommers 3 Ausstellungen im Park des Alicehospitals\/ Dauerausstellung Station 2 Alicehospital (2018\/19\/20\/21\/22). Ausstellung im Cafe am Waldfriedhof.<\/p>\n<p>Ab 2014 Mitglied der Gruppe Kunstsinn Weiterstadt. Gemeinsame Ausstellung im Weinkontor Darmstadt. Teilnahme am K\u00fcnstleraustausch Weiterstadt\/ Banjo a Ripoli\/ Italien mit gemeinsamer Ausstellung dort.<\/p>\n<p>Ab 2016 Eintritt in den Verein \u201eDie Palette Frankfurt e.V.\u201c und Vorstandsmitglied. Teilnahme an Gemeinschaftsausstellungen in Hofheim (2017\/2018\/2019), Paulskirche Frankfurt (2016\/2017\/2018), Im R\u00f6mer (2023\/24), In der Orangerie Strasbourg (2016\/2018)<span class=\"Apple-converted-space\">\u00a0<\/span><\/p>\n<p>2016 &#8211; 2019 Bei der Kunstwoche Kleinsassen. Koordinatorin der teilnehmenden K\u00fcnstler der Palette in Kleinsassen. Darmst\u00e4dter Foyer (2017) Firma Blei Guba (2016\/2017) Cafe Melange (2019\/2022) Haus der Begegnung (2019) R\u00f6mer (2023) Caf\u00e9 Melange (2022\/23\/24)<span class=\"Apple-converted-space\">\u00a0<\/span><\/p>\n<p>Ab 2017 Beitritt zur Gruppe Schuppenart.\u00a0Gemeinsame Ausstellungen im Autohaus Renker, In der Scheune der Familie G\u00fcnther in Arheilgen.<\/p>\n<p>Ab 2018 BMOU2 entsteht. Zusammenschluss mit vier weiteren K\u00fcnstlern mit dem Ziel in Frankfurt in der Inzestra\u00dfe R\u00e4umlichkeiten f\u00fcr Ausstellungen zu schaffen .Gemeinsame Ausstellungen dort 2019\/2021\/2022\/2023\/242021<span class=\"Apple-converted-space\">\u00a0<\/span><\/p>\n<p>2022 &#8211; 2024 Gr\u00fcndungsmitglied der Ateliergemeinschaft Kunstinsel in Braunshardt gemeinsame offene Ateliertage.<span class=\"Apple-converted-space\">\u00a0<\/span><\/p>\n<p>2022 &#8211; 2024 Ausstellung im Cafe Schloss Fechenbach<span class=\"Apple-converted-space\">\u00a0<\/span><\/p>\n<p>2022 &#8211; 2023 Ausstellung im Atelier Marion Bartel<\/p>\n<p>Ab 2022 Mitglied der Gruppe Vielmalerei.<span class=\"Apple-converted-space\">\u00a0<\/span><\/p>\n<p>Ab 2023 Mitglied der Gruppe &#8222;Kunst von UNS\u201c (Rossdorf), Ausstellungen Offene G\u00e4rten 2024, Ortskernfest 2024, Kunstnacht 2024<\/p>\n<p>Ab 2025 Schaufenster in der Rheinstra\u00dfe<\/p>\n<p>Ab 2025 kleine eigene Galerie im Atelier<\/p>\n","protected":false},"excerpt":{"rendered":"<p>&nbsp; Ute Irmischer-Lehn uteirmischerlehn@yahoo.de\u00a0 &nbsp; 2004 &#8211; 2013 Initiatorin und Gr\u00fcndungsmitglied der Gruppe Sagenhaft. Unter dem Motto \u201eSAGENHAFT KUNST IM GARTEN\u201c fand jedes Jahr eine Ausstellung in unserem Garten statt. In diesen Jahren gab es Wechselausstellungen mit den eingeladenen externen Ausstellern.\u00a0 2012 &#8211; 2015 Teilnahme an der Kunstreise \u00fcber Kuss Darmstadt und damit verbundene Teilnahme [&hellip;]<\/p>\n","protected":false},"author":1,"featured_media":1215,"parent":0,"menu_order":1,"comment_status":"closed","ping_status":"closed","template":"","meta":{"footnotes":""},"class_list":["post-915","page","type-page","status-publish","has-post-thumbnail","hentry","post","post-with-thumbnail","post-with-thumbnail-icon"],"_links":{"self":[{"href":"https:\/\/uil-art.de\/index.php?rest_route=\/wp\/v2\/pages\/915","targetHints":{"allow":["GET"]}}],"collection":[{"href":"https:\/\/uil-art.de\/index.php?rest_route=\/wp\/v2\/pages"}],"about":[{"href":"https:\/\/uil-art.de\/index.php?rest_route=\/wp\/v2\/types\/page"}],"author":[{"embeddable":true,"href":"https:\/\/uil-art.de\/index.php?rest_route=\/wp\/v2\/users\/1"}],"replies":[{"embeddable":true,"href":"https:\/\/uil-art.de\/index.php?rest_route=%2Fwp%2Fv2%2Fcomments&post=915"}],"version-history":[{"count":8,"href":"https:\/\/uil-art.de\/index.php?rest_route=\/wp\/v2\/pages\/915\/revisions"}],"predecessor-version":[{"id":1382,"href":"https:\/\/uil-art.de\/index.php?rest_route=\/wp\/v2\/pages\/915\/revisions\/1382"}],"wp:featuredmedia":[{"embeddable":true,"href":"https:\/\/uil-art.de\/index.php?rest_route=\/wp\/v2\/media\/1215"}],"wp:attachment":[{"href":"https:\/\/uil-art.de\/index.php?rest_route=%2Fwp%2Fv2%2Fmedia&parent=915"}],"curies":[{"name":"wp","href":"https:\/\/api.w.org\/{rel}","templated":true}]}}