{"id":182,"date":"2019-05-04T00:56:41","date_gmt":"2019-05-03T22:56:41","guid":{"rendered":"http:\/\/uil-art.de\/?page_id=182"},"modified":"2025-01-16T18:47:47","modified_gmt":"2025-01-16T16:47:47","slug":"guest-book","status":"publish","type":"page","link":"https:\/\/uil-art.de\/?page_id=182","title":{"rendered":"G\u00e4stebuch"},"content":{"rendered":"<div class=\"gwolle-gb\"><div class=\"gwolle-gb-messages-top-container\"><\/div>\n\t\t\t<div class=\"gwolle-gb-write-button\">\n\t\t\t\t<input type=\"button\" name=\"gwolle-gb-write-button\" class=\"button btn btn-default \" value=\"Neuen Eintrag schreiben\" aria-expanded=\"false\" \/>\n\t\t\t<\/div>\n\t\t\t<form action=\"#\" method=\"POST\" class=\"gwolle-gb-write gwolle-gb-hide gwolle-gb-float gwolle-gb-form-ajax gwolle-gb-ajax gwolle-gb-not-logged-in\">\n\t\t\t\t<h3>Schreibst einen neuen Eintrag<\/h3>\n\t\t\t\t<button type=\"button\" class=\"gb-notice-dismiss\">x<span class=\"screen-reader-text\">Dieses Formular ausblenden<\/span><\/button>\n\t\t\t\n\t\t\t\t<input type=\"hidden\" name=\"gwolle_gb_function\" class=\"gwolle_gb_function\" value=\"add_entry\" \/><input type=\"hidden\" name=\"gwolle_gb_book_id\" class=\"gwolle_gb_book_id\" value=\"1\" \/><div class=\"gwolle_gb_6701347e10a7231eaa0d5faec1fddf68\">\n\t\t\t\t<div class=\"label\"><label for=\"gwolle_gb_6701347e10a7231eaa0d5faec1fddf68-1\" class=\"text-info\">Name <span class=\"required\">*<\/span><\/label><\/div>\n\t\t\t\t<div class=\"input\"><input class=\"wp-exclude-emoji gwolle_gb_6701347e10a7231eaa0d5faec1fddf68\" value=\"\" type=\"text\" id=\"gwolle_gb_6701347e10a7231eaa0d5faec1fddf68-1\" name=\"gwolle_gb_6701347e10a7231eaa0d5faec1fddf68\" required \/><\/div>\n\t\t\t\t<div class=\"clearBoth\">&nbsp;<\/div>\n\t\t\t<\/div><div class=\"gwolle_gb_84b4b0349750ae2ec129dddd9e977d09\">\n\t\t\t\t\t<div class=\"label\"><label for=\"gwolle_gb_84b4b0349750ae2ec129dddd9e977d09-1\" class=\"text-info\">Stadt<\/label><\/div>\n\t\t\t\t\t<div class=\"input\"><input class=\"wp-exclude-emoji gwolle_gb_84b4b0349750ae2ec129dddd9e977d09\" value=\"\" type=\"text\" id=\"gwolle_gb_84b4b0349750ae2ec129dddd9e977d09-1\" name=\"gwolle_gb_84b4b0349750ae2ec129dddd9e977d09\" \/><\/div>\n\t\t\t\t\t<div class=\"clearBoth\">&nbsp;<\/div>\n\t\t\t\t<\/div><div class=\"gwolle_gb_3c89310897b536b17804d27817c23cf9\">\n\t\t\t\t<div class=\"label\"><label for=\"gwolle_gb_3c89310897b536b17804d27817c23cf9-1\" class=\"text-info\">E-Mail <span class=\"required\">*<\/span><\/label><\/div>\n\t\t\t\t<div class=\"input\"><input class=\"gwolle_gb_3c89310897b536b17804d27817c23cf9\" value=\"\" type=\"email\" id=\"gwolle_gb_3c89310897b536b17804d27817c23cf9-1\" name=\"gwolle_gb_3c89310897b536b17804d27817c23cf9\" required \/><\/div>\n\t\t\t\t<div class=\"clearBoth\">&nbsp;<\/div>\n\t\t\t<\/div><div class=\"gwolle_gb_8092aaf130847951c3715daa4ce5bffa\">\n\t\t\t\t<div class=\"label\"><label for=\"gwolle_gb_8092aaf130847951c3715daa4ce5bffa-1\" class=\"text-info\">Website<\/label><\/div>\n\t\t\t\t<div class=\"input\"><input class=\"gwolle_gb_8092aaf130847951c3715daa4ce5bffa\" value=\"\" type=\"url\" id=\"gwolle_gb_8092aaf130847951c3715daa4ce5bffa-1\" name=\"gwolle_gb_8092aaf130847951c3715daa4ce5bffa\" \/><\/div>\n\t\t\t\t<div class=\"clearBoth\">&nbsp;<\/div>\n\t\t\t<\/div>\n\t\t\t<div class=\"gwolle_gb_07eb80c6fb2d1f69354bb9ee665a238a\" style=\"display:none;overflow:hidden;\" hidden=\"true\" aria-hidden=\"true\">\n\t\t\t\t<div class=\"label\">\n\t\t\t\t\t<label for=\"gwolle_gb_07eb80c6fb2d1f69354bb9ee665a238a-1\" class=\"text-primary\">Hier nichts eingeben<\/label>\n\t\t\t\t\t<label for=\"gwolle_gb_ecd01afdf4ff314607a93877bf1c2b9e-1\" class=\"text-primary\">Hier nichts eingeben<\/label>\n\t\t\t\t<\/div>\n\t\t\t\t<div class=\"input\">\n\t\t\t\t\t<input value=\"93\" type=\"text\" id=\"gwolle_gb_07eb80c6fb2d1f69354bb9ee665a238a-1\" name=\"gwolle_gb_07eb80c6fb2d1f69354bb9ee665a238a\" class=\"gwolle_gb_07eb80c6fb2d1f69354bb9ee665a238a\" style=\"transform: translateY(10000px);\" \/>\n\t\t\t\t\t<input value=\"\" type=\"text\" name=\"gwolle_gb_ecd01afdf4ff314607a93877bf1c2b9e\" id=\"gwolle_gb_ecd01afdf4ff314607a93877bf1c2b9e-1\" class=\"gwolle_gb_ecd01afdf4ff314607a93877bf1c2b9e\" style=\"transform: translateY(10000px);\" \/>\n\t\t\t\t<\/div>\n\t\t\t\t<div class=\"clearBoth\"><\/div>\n\t\t\t<\/div>\n\t\t\t<div class=\"gwolle_gb_c9b8bdabe8c625abce6060dcbb9a7d48\" style=\"display:none;overflow:hidden;\" hidden=\"true\" aria-hidden=\"true\">\n\t\t\t\t<div class=\"label\">\n\t\t\t\t\t<label for=\"gwolle_gb_c9b8bdabe8c625abce6060dcbb9a7d48-1\" class=\"text-primary\">Hier nichts eingeben<\/label>\n\t\t\t\t\t<label for=\"gwolle_gb_6c5f5fa76620b78cbcf5045e65f8844a-1\" class=\"text-primary\">Hier nichts eingeben<\/label>\n\t\t\t\t<\/div>\n\t\t\t\t<div class=\"input\">\n\t\t\t\t\t<input value=\"8193\" type=\"text\" id=\"gwolle_gb_c9b8bdabe8c625abce6060dcbb9a7d48-1\" name=\"gwolle_gb_c9b8bdabe8c625abce6060dcbb9a7d48\" class=\"gwolle_gb_c9b8bdabe8c625abce6060dcbb9a7d48\" style=\"transform: translateY(10000px);\" \/>\n\t\t\t\t\t<input value=\"8193\" type=\"text\"id=\"gwolle_gb_6c5f5fa76620b78cbcf5045e65f8844a-1\" name=\"gwolle_gb_6c5f5fa76620b78cbcf5045e65f8844a\" class=\"gwolle_gb_6c5f5fa76620b78cbcf5045e65f8844a\" style=\"transform: translateY(10000px);\" \/>\n\t\t\t\t<\/div>\n\t\t\t\t<div class=\"clearBoth\"><\/div>\n\t\t\t<\/div><div class=\"gwolle_gb_content\">\n\t\t\t\t<div class=\"label\"><label for=\"gwolle_gb_content-1\" class=\"text-info\">G\u00e4stebucheintrag <span class=\"required\">*<\/span><\/label><\/div>\n\t\t\t\t<div class=\"input\"><textarea id=\"gwolle_gb_content-1\" name=\"gwolle_gb_content\" class=\"gwolle_gb_content wp-exclude-emoji\" required ><\/textarea><\/div>\n\t\t\t\t\t<div class=\"clearBoth\">&nbsp;<\/div>\n\t\t\t\t<\/div><input type=\"hidden\" class=\"gwolle_gb_89d5b86d8fc06dfee06fb47297f3e0ff\" id=\"gwolle_gb_89d5b86d8fc06dfee06fb47297f3e0ff-1\" name=\"gwolle_gb_89d5b86d8fc06dfee06fb47297f3e0ff\" value=\"d53de27820\" \/>\n\t\t\t<div class=\"gwolle-gb-messages-bottom-container\"><\/div>\n\n\t\t\t<noscript><div class=\"no-js\">Warnung: Dieses Formular kann nur verwendet werden, wenn in deinem Browser JavaScript aktiviert ist.<\/div><\/noscript>\n\n\t\t\t<div class=\"gwolle_gb_submit gwolle-gb-submit\">\n\t\t\t\t<div class=\"label gwolle-gb-invisible text-muted\">&nbsp;<\/div>\n\t\t\t\t<div class=\"input\">\n\t\t\t\t\t<input type=\"submit\" name=\"gwolle_gb_submit\" class=\"gwolle_gb_submit button btn btn-primary \" value=\"Absenden\" \/>\n\t\t\t\t\t<span class=\"gwolle_gb_submit_ajax_icon gwolle-gb-submit-ajax-icon\"><\/span>\n\t\t\t\n\t\t\t\t<\/div>\n\t\t\t\t<div class=\"clearBoth\">&nbsp;<\/div>\n\t\t\t<\/div>\n\n\t\t\t<div class=\"gwolle_gb_notice gwolle-gb-notice\">\n\t\t\t\tFields marked with * are required.<br \/>\r\nYour E-mail address won&#039;t be published.<br \/>\r\nIt&#039;s possible that your entry will only be visible in the guestbook after we reviewed it.<br \/>\r\nWe reserve the right to edit, delete, or not publish entries.\n\t\t\t<\/div><\/form><div class=\"gwolle-gb-read gwolle-gb-ajax gwolle-gb-entries-list\" data-book_id=\"1\" data-page_id=\"1\">\n\t\t<div id=\"gwolle-gb-total\" class=\"gwolle-gb-total\">1 Eintrag<\/div><!-- Gwolle-GB Entry: Default Template Loaded -->\n\t\t\t\t<div class=\"gb-entry gb-entry_1 gb-entry-count_1 gwolle-gb-uneven gwolle-gb-first\" id=\"gb-entry_1\" data-entry_id=\"1\">\n\t\t\t\t<article>\n\t\t\t\t\t<div class=\"gb-author-info\">\n\t\t\t\t\t\t<span class=\"gb-author-avatar\"><img referrerpolicy=\"no-referrer\" alt='Unbekannt' src='https:\/\/secure.gravatar.com\/avatar\/a54cdfd418ce045bf1634a5952061981b9128b603babf8c0a600faff6918b9e2?s=32&#038;d=mm&#038;r=g' srcset='https:\/\/secure.gravatar.com\/avatar\/a54cdfd418ce045bf1634a5952061981b9128b603babf8c0a600faff6918b9e2?s=64&#038;d=mm&#038;r=g 2x' class='avatar avatar-32 photo' height='32' width='32' \/><\/span>\n\t\t\t\t\t\t<span class=\"gb-author-name\">Unbekannt\n\t\t\t\t\t\t<\/span>\n\t\t\t\t\t\t<span class=\"gb-author-origin\">\n\t\t\t\t\t\t\t<span class=\"gb-author-origin-from-text\"> aus<\/span>\n\t\t\t\t\t\t\t<span class=\"gb-author-origin-text\"> Darmstadt<\/span>\n\t\t\t\t\t\t<\/span>\n\t\t\t\t\t\t<span class=\"gb-datetime\">\n\t\t\t\t\t\t\t<span class=\"gb-date\"><span class=\"gb-date-wrote-text\"> schrieb am<\/span><span class=\"gb-date-text\"> Februar 10, 2022<\/span>\n\t\t\t\t\t\t\t<\/span><span class=\"gb-time\">\n\t\t\t\t\t\t\t\t\t<span class=\"gb-time-at-text\"> um<\/span>\n\t\t\t\t\t\t\t\t\t<span class=\"gb-time-text\"> 9:54 a.m.<\/span>\n\t\t\t\t\t\t\t\t<\/span>\n\t\t\t\t\t\t<\/span> \n\t\t\t\t\t<\/div>\n\t\t\t\t\t<div class=\"gb-entry-content\">Lieblingsbilder!  \r\nDeine Kunst ist aussagekr\u00e4ftig, individuell und hinterl\u00e4sst Eindruck. Hier zu schauen macht gro\u00dfe Freude und gute Laune! Weiter so!\n\t\t\t\t\t<\/div>\n\t\t\t\t<\/article>\n\t\t\t<\/div>\n\t\t\t<\/div><\/div>\n","protected":false},"excerpt":{"rendered":"","protected":false},"author":1,"featured_media":0,"parent":0,"menu_order":6,"comment_status":"closed","ping_status":"closed","template":"","meta":{"footnotes":""},"class_list":["post-182","page","type-page","status-publish","hentry","post"],"_links":{"self":[{"href":"https:\/\/uil-art.de\/index.php?rest_route=\/wp\/v2\/pages\/182","targetHints":{"allow":["GET"]}}],"collection":[{"href":"https:\/\/uil-art.de\/index.php?rest_route=\/wp\/v2\/pages"}],"about":[{"href":"https:\/\/uil-art.de\/index.php?rest_route=\/wp\/v2\/types\/page"}],"author":[{"embeddable":true,"href":"https:\/\/uil-art.de\/index.php?rest_route=\/wp\/v2\/users\/1"}],"replies":[{"embeddable":true,"href":"https:\/\/uil-art.de\/index.php?rest_route=%2Fwp%2Fv2%2Fcomments&post=182"}],"version-history":[{"count":2,"href":"https:\/\/uil-art.de\/index.php?rest_route=\/wp\/v2\/pages\/182\/revisions"}],"predecessor-version":[{"id":187,"href":"https:\/\/uil-art.de\/index.php?rest_route=\/wp\/v2\/pages\/182\/revisions\/187"}],"wp:attachment":[{"href":"https:\/\/uil-art.de\/index.php?rest_route=%2Fwp%2Fv2%2Fmedia&parent=182"}],"curies":[{"name":"wp","href":"https:\/\/api.w.org\/{rel}","templated":true}]}}